{"id":1942,"date":"2024-04-03T10:09:42","date_gmt":"2024-04-03T08:09:42","guid":{"rendered":"https:\/\/world-heritage-watch.org\/content\/?page_id=1942"},"modified":"2024-04-03T10:12:56","modified_gmt":"2024-04-03T08:12:56","slug":"world-heritage-watch-entwurf-fur-das-kaiserpfalzquartier-in-goslar-ist-ein-angriff-auf-das-welterbe","status":"publish","type":"page","link":"https:\/\/world-heritage-watch.org\/content\/world-heritage-watch-entwurf-fur-das-kaiserpfalzquartier-in-goslar-ist-ein-angriff-auf-das-welterbe\/","title":{"rendered":"World Heritage Watch: Entwurf f\u00fcr das \u201eKaiserpfalzquartier\u201c in Goslar ist ein Angriff auf das Welterbe"},"content":{"rendered":"\n<section id=\"gmf9ac3d3\" class=\"wp-block-gutentor-m4 section-gmf9ac3d3 gutentor-module gutentor-advanced-columns\"><div class=\"grid-container\"><div class=\"grid-row\">\n<div id=\"col-gm168207\" class=\"wp-block-gutentor-m4-col col-gm168207 gutentor-single-column  grid-lg-12 grid-md-12 grid-12\"><div id=\"section-gm168207\" class=\"section-gm168207 gutentor-col-wrap\">\n<div id=\"section-g6208a9\" class=\"wp-block-gutentor-e1 section-g6208a9 gutentor-element gutentor-element-advanced-text\"><div class=\"gutentor-text-wrap\"><h2 class=\"gutentor-text\">World Heritage Watch: Entwurf f\u00fcr das \u201eKaiserpfalzquartier\u201c in Goslar ist ein Angriff auf das Welterbe<\/h2><\/div><\/div>\n\n\n\n<div id=\"section-g7b7f4a\" class=\"wp-block-gutentor-e1 section-g7b7f4a gutentor-element gutentor-element-advanced-text\"><div class=\"gutentor-text-wrap\"><p class=\"gutentor-text\"><strong>Berlin, 3. April 2024<\/strong><br><br>World Heritage Watch ruft die B\u00fcrgerinnen und B\u00fcrger der Stadt Goslar auf, beim B\u00fcrgerentscheid zum Kaiserpfalzquartier am 7. April bei der Frage: \u201eSind Sie beim Neubau der Veranstaltungshalle im Kaiserpfalzquartier gegen eine finanzielle Beteiligung der Stadt an den Baukosten?\u201c mit Ja zu stimmen und damit die finanzielle Beteiligung der Stadt Goslar an dem Projekt abzulehnen. Nur so k\u00f6nne die Diskussion \u00fcber das Vorhaben, das die Stadt spalte, neu gef\u00fchrt und zu einem einvernehmlichen Ende gebracht werden.<br><br>\u201eDer zur Diskussion stehende Entwurf des B\u00fcros Nieto Sobejano ist in stadtplanerischer, architektonischer und konzeptioneller Hinsicht verfehlt und eine Attacke auf das Welterbe\u201c, erkl\u00e4rt Stephan D\u00f6mpke (69), Vorsitzender von World Heritage Watch. \u201eWir fragen uns, wie er von einem Gremium bef\u00fcrwortet werden konnte, das mit Fachleuten f\u00fcr das Welterbe besetzt war. Hier sind die Ma\u00dfst\u00e4be v\u00f6llig verloren gegangen.\u201c Das Grundst\u00fcck d\u00fcrfe wegen seiner enormen Bedeutung in der Umgebung der Kaiserpfalz auch nicht an private Investoren verkauft werden, sondern m\u00fcsse im Eigentum der Stadt bleiben.<br><br>Angesichts des Leerstands von zwei Hotels in den ikonischsten H\u00e4usern des historischen Stadtkerns \u2013 dem Hotel Kaiserworth und dem Hotel Brusttuch &#8211; verbiete sich der Bau eines weiteren Hotels, das die Aussichten auf einen wirtschaftlichen Betrieb dieser H\u00e4user zus\u00e4tzlich in Frage stellen w\u00fcrde. Falls \u00fcber diese H\u00e4user hinaus Bedarf an zus\u00e4tzlichen Betten entstehe, sollte die Stadt Konzepte f\u00fcr die m\u00f6gliche touristische Nutzung anderer leerstehender H\u00e4user in der Altstadt erarbeiten.<\/p><\/div><\/div>\n\n\n\n<div id=\"section-g1233b0\" class=\"wp-block-gutentor-e6 section-g1233b0 gutentor-element gutentor-element-image\"><div class=\"gutentor-element-image-box\"><div class=\"gutentor-image-thumb\"><img decoding=\"async\" class=\"normal-image\" src=\"https:\/\/world-heritage-watch.org\/content\/wp-content\/uploads\/2024\/04\/augsburg-l.jpg\"\/><\/div><\/div><\/div>\n\n\n\n<div id=\"section-g5ddba4\" class=\"wp-block-gutentor-e1 section-g5ddba4 gutentor-element gutentor-element-advanced-text\"><div class=\"gutentor-text-wrap\"><p class=\"gutentor-text\">World Heritage Watch spricht sich f\u00fcr eine kulturelle Nutzung des Standortes aus, die nicht nur \u00fcberwiegend ausw\u00e4rtigen (Konferenz-)Besuchern, sondern in erster Linie der Bev\u00f6lkerung der Stadt Angebote macht. Dazu sollten ein Museum, R\u00e4umlichkeiten f\u00fcr gr\u00f6\u00dfere und kleinere Ausstellungen sowie Veranstaltungss\u00e4le geh\u00f6ren, die sowohl f\u00fcr Konferenzen als auch f\u00fcr Konzerte geeignet sind und daher Platz f\u00fcr deutlich mehr als 500 Personen bieten m\u00fcssen.<br><br>Die vorgeschlagene Allerweltsarchitektur mit Schie\u00dfschartenfenstern und Flachd\u00e4chern lehnt World Heritage Watch kategorisch ab. Im direkten Umfeld der Kaiserpfalz, der Domvorhalle und des Amtsgerichts d\u00fcrfe eine Architektur, die sich gegen das historische Erbe verselbst\u00e4ndigt, nicht geduldet werden. Vielmehr sei eine Architektur gefragt, die sich in dieses historische Erbe einf\u00fcgt und dessen visuelle und \u00e4sthetische Integrit\u00e4t achtet und nicht besch\u00e4digt. Daf\u00fcr sollte die Stadt zusammen mit Fachleuten und der Goslarer B\u00fcrgerschaft entsprechende Vorgaben erarbeiten.<br><br>World Heritage Watch stimmt dem Ziel einer Bodenentsiegelung und einer Freiluftnutzung (\u201eStiftsgarten\u201c) mit hoher Aufenthaltsqualit\u00e4t anstelle des heutigen Parkplatzes zu, durchaus auch mit einem gastronomischen Angebot wie z.B. einem Caf\u00e9 mit Blick auf die Kaiserpfalz, das an diesem Ort bisher fehlt. Eine kreisf\u00f6rmige eingesenkte Fl\u00e4che w\u00fcrde jedoch nicht wie vom B\u00fcro \u201ensp Landschaftsarchitekten Stadtplaner\u201c behauptet, auf die Fundamente des abgerissenen Doms an dieser Stelle hinweisen, sondern durch ihre Form jede Erinnerung daran \u00fcberdecken. Deshalb m\u00fcsse eine steinerne, als Sitzgelegenheit nutzbare Anordnung unbedingt den Grundriss des Doms nachzeichnen.<br><br><strong>Kontakt: Stephan D\u00f6mpke (0151) 1167-4691<\/strong><\/p><\/div><\/div>\n<\/div><\/div>\n<\/div><\/div><\/section>\n","protected":false},"excerpt":{"rendered":"","protected":false},"author":1,"featured_media":0,"parent":0,"menu_order":0,"comment_status":"closed","ping_status":"closed","template":"template-gutentor-full-width.php","meta":{"_monsterinsights_skip_tracking":false,"_monsterinsights_sitenote_active":false,"_monsterinsights_sitenote_note":"","_monsterinsights_sitenote_category":0,"footnotes":""},"class_list":["post-1942","page","type-page","status-publish","hentry"],"_links":{"self":[{"href":"https:\/\/world-heritage-watch.org\/content\/wp-json\/wp\/v2\/pages\/1942","targetHints":{"allow":["GET"]}}],"collection":[{"href":"https:\/\/world-heritage-watch.org\/content\/wp-json\/wp\/v2\/pages"}],"about":[{"href":"https:\/\/world-heritage-watch.org\/content\/wp-json\/wp\/v2\/types\/page"}],"author":[{"embeddable":true,"href":"https:\/\/world-heritage-watch.org\/content\/wp-json\/wp\/v2\/users\/1"}],"replies":[{"embeddable":true,"href":"https:\/\/world-heritage-watch.org\/content\/wp-json\/wp\/v2\/comments?post=1942"}],"version-history":[{"count":2,"href":"https:\/\/world-heritage-watch.org\/content\/wp-json\/wp\/v2\/pages\/1942\/revisions"}],"predecessor-version":[{"id":1946,"href":"https:\/\/world-heritage-watch.org\/content\/wp-json\/wp\/v2\/pages\/1942\/revisions\/1946"}],"wp:attachment":[{"href":"https:\/\/world-heritage-watch.org\/content\/wp-json\/wp\/v2\/media?parent=1942"}],"curies":[{"name":"wp","href":"https:\/\/api.w.org\/{rel}","templated":true}]}}