{"id":2060,"date":"2024-08-19T11:46:52","date_gmt":"2024-08-19T09:46:52","guid":{"rendered":"https:\/\/world-heritage-watch.org\/content\/?page_id=2060"},"modified":"2024-10-01T14:54:10","modified_gmt":"2024-10-01T12:54:10","slug":"goslar","status":"publish","type":"page","link":"https:\/\/world-heritage-watch.org\/content\/goslar\/","title":{"rendered":"Goslar"},"content":{"rendered":"\n<section id=\"gmda41ba9\" class=\"wp-block-gutentor-m4 section-gmda41ba9 gutentor-module gutentor-advanced-columns\"><div class=\"grid-container\"><div class=\"grid-row\">\n<div id=\"col-gm25327b\" class=\"wp-block-gutentor-m4-col col-gm25327b gutentor-single-column  grid-lg-12 grid-md-12 grid-12\"><div id=\"section-gm25327b\" class=\"section-gm25327b gutentor-col-wrap\">\n<div id=\"section-gbd9430\" class=\"wp-block-gutentor-e6 section-gbd9430 gutentor-element gutentor-element-image\"><div class=\"gutentor-element-image-box\"><div class=\"gutentor-image-thumb\"><img decoding=\"async\" class=\"normal-image\" src=\"https:\/\/world-heritage-watch.org\/content\/wp-content\/uploads\/2024\/09\/Titelbild-Goslar-Seite.jpg\"\/><\/div><\/div><\/div>\n\n\n\n<div id=\"section-gbd4a85\" class=\"wp-block-gutentor-e1 section-gbd4a85 gutentor-element gutentor-element-advanced-text\"><div class=\"gutentor-text-wrap\"><h2 class=\"gutentor-text\"><span style=\"color:#555555\" class=\"has-inline-color\">A World Heritage in Emergency Needs Your Help and Support<br><\/span><em>Ein Welterbe in Not braucht Ihre Hilfe und Unterst\u00fctzung<\/em><\/h2><\/div><\/div>\n\n\n\n<div id=\"section-ga5f46e\" class=\"wp-block-gutentor-e1 section-ga5f46e gutentor-element gutentor-element-advanced-text\"><div class=\"gutentor-text-wrap\"><p class=\"gutentor-text\">The floods of 2017 which caused major structural damage in the old town, the &#8221;<strong>downright outrageous destruction of older building files<\/strong>&#8221; in the city administration discovered by the Lower Saxony Heritage Association in 2024, the ordered destruction of significant parts of the Ratsgymnasium&#8217;s house archive, years of tolerating the ongoing decay of vacant important architectural monuments, obvious structural engineering mistakes in building construction and civil engineering, such as in front of and in the town hall, as well as inadequate documentation of the condition of the old town, give rise to the suspicion that many of those responsible are not fulfilling their duty to preserve the old town.<br><br><span style=\"color:#00519b\" class=\"has-inline-color\"><em>Das Hochwasser von 2017 mit den gro\u00dfen Substanzsch\u00e4den in der Altstadt, die vom Nieders\u00e4chsischen Heimatbund 2024 ver\u00f6ffentlichte \u2018\u2018<strong>geradezu ungeheuerliche Vernichtung von \u00e4lteren Bauaktenteilen<\/strong>\u2018\u2018 in der Stadtverwaltung, die angeordnete Vernichtung bedeutender Teile des Hausarchivs des Ratsgymnasiums, die jahrelange Duldung des anhaltenden Verfalls leerstehender bedeutender Baudenkmale, offensichtliche bautechnische Fehlentwicklungen im Hoch- und Tiefbau wie zum Beispiel vor und im Rathaus, sowie eine ungen\u00fcgende Dokumentation des Zustandes der Altstadt lassen den Verdacht zu, dass viele Verantwortliche ihrer Pflicht zum Erhalt der Altstadt nicht nachkommen.<\/em><\/span><br><br>Urban development problems such as the inadequate structural flood protection for the old town, the permanent understaffing of the Lower Monument Protection Authority, and the lack of supervision in the preservation of existing buildings in both the public and private sectors, have reached a dimension that threatens parts of the city\u2019s substance.<br><br><em><span style=\"color:#00519b\" class=\"has-inline-color\">St\u00e4dtebauliche Probleme wie der nicht ausreichende baulichen Hochwasserschutz f\u00fcr die Altstadt, die dauerhafte fachliche Unterbesetzung der Unteren Denkmalschutzbeh\u00f6rde und mangelnde Aufsicht bei der Bestandssicherung sowohl im \u00f6ffentlichen als auch im privaten Bereich haben eine zum Teil substanzbedrohende Dimension erreicht.<\/span><\/em><br><br><strong>All this leads to the conclusion that the town of Goslar can no longer preserve its historical heritage on its own.<br><em><span style=\"color:#00519b\" class=\"has-inline-color\">All das l\u00e4sst den Schluss zu, dass die Stadt Goslar ihr historisches Erbe nicht mehr aus eigener Kraft erhalten kann.<\/span><\/em><\/strong><\/p><\/div><\/div>\n\n\n\n<div id=\"section-g1db15c\" class=\"wp-block-gutentor-e1 section-g1db15c gutentor-element gutentor-element-advanced-text\"><div class=\"gutentor-text-wrap\"><h5 class=\"gutentor-text\"><span style=\"color:#555555\" class=\"has-inline-color\">We ask you to support us with your signature in order to save something unique from imminent decay.<\/span><br><em><span style=\"color:#00519b\" class=\"has-inline-color\">Wir bitten Sie, uns mit Ihrer Unterschrift zu unterst\u00fctzen, um etwas Einzigartiges vor dem drohenden Verfall zu bewahren.<\/span><\/em><br><\/h5><\/div><\/div>\n\n\n\n<section id=\"gm8aa41e2\" class=\"wp-block-gutentor-m4 section-gm8aa41e2 gutentor-module gutentor-advanced-columns has-color-bg has-custom-bg\"><div class=\"grid-container\"><div class=\"grid-row\">\n<div id=\"col-gme5a1ed\" class=\"wp-block-gutentor-m4-col col-gme5a1ed gutentor-single-column  grid-lg-12 grid-md-12 grid-12\"><div id=\"section-gme5a1ed\" class=\"section-gme5a1ed gutentor-col-wrap\">\n<div id=\"section-g418fac\" class=\"wp-block-gutentor-e1 section-g418fac gutentor-element gutentor-element-advanced-text\"><div class=\"gutentor-text-wrap\"><p class=\"gutentor-text\"><strong>SIGN ON PAPER<\/strong><br><strong><em><span style=\"color:#00519b\" class=\"has-inline-color\">AUF PAPIER UNTERSCHREIBEN<\/span><\/em><\/strong><br><br>Simply download the collection forms as a PDF and collect signatures on paper<br><span style=\"color:#00519b\" class=\"has-inline-color\"><em>Laden Sie sich die Sammelb\u00f6gen einfach als PDF herunter und sammeln Sie Unterschriften auf Papier<\/em><\/span><br><br><a href=\"https:\/\/world-heritage-watch.org\/content\/wp-content\/uploads\/2024\/10\/goslar-a-world-cultural-heritage-in-decay.pdf\" target=\"_blank\" rel=\"noreferrer noopener\">> Download the signature list form (PDF)<\/a><br><span style=\"color:#00519b\" class=\"has-inline-color\"><a href=\"https:\/\/world-heritage-watch.org\/content\/wp-content\/uploads\/2024\/10\/unterschriftenaktion-zur-rettung-und-foerderung-der-weltkulturerbestadt-goslar.pdf\" target=\"_blank\" rel=\"noreferrer noopener\">> <em>Unterschriftenliste hier herunterladen (PDF)<\/em><\/a><\/span><br><br><strong>SIGN ONLINE<\/strong><br><strong><em><span style=\"color:#00519b\" class=\"has-inline-color\">ONLINE UNTERSCHREIBEN<\/span><\/em><\/strong><br><br><a rel=\"noreferrer noopener\" href=\"https:\/\/www.openpetition.de\/petition\/online\/goslar-a-world-cultural-heritage-in-decay?\" target=\"_blank\">> Sign online<\/a><br><a rel=\"noreferrer noopener\" href=\"https:\/\/www.openpetition.de\/petition\/online\/unterschriftenaktion-zur-rettung-und-foerderung-der-weltkulturerbestadt-goslar\" target=\"_blank\"><em><span style=\"color:#00519b\" class=\"has-inline-color\">> Unterschreiben Sie online<\/span><\/em><\/a><\/p><\/div><\/div>\n<\/div><\/div>\n<\/div><\/div><\/section>\n\n\n\n<div id=\"section-g276447\" class=\"wp-block-gutentor-e1 section-g276447 gutentor-element gutentor-element-advanced-text\"><div class=\"gutentor-text-wrap\"><p class=\"gutentor-text\"><strong><a href=\"https:\/\/world-heritage-watch.org\/content\/wp-content\/uploads\/2024\/10\/Initiative-Altstadt-Goslar-First-Signatories-2024.pdf\" target=\"_blank\" rel=\"noreferrer noopener\">> First signatories<\/a><\/strong><\/p><\/div><\/div>\n\n\n\n<div id=\"section-g0de6aa\" class=\"wp-block-gutentor-e1 section-g0de6aa gutentor-element gutentor-element-advanced-text\"><div class=\"gutentor-text-wrap\"><p class=\"gutentor-text\"><strong><em><span style=\"color:#00519b\" class=\"has-inline-color\"><a href=\"https:\/\/world-heritage-watch.org\/content\/wp-content\/uploads\/2024\/10\/Initiative-Altstadt-Goslar-Erstunterzeichner-2024.pdf\" target=\"_blank\" rel=\"noreferrer noopener\">> Erstunterzeichner<\/a><\/span><\/em><\/strong><br><br><strong>Contact points in the city of Goslar for handing in your signature lists<br><em><span style=\"color:#00519b\" class=\"has-inline-color\">Anlaufstellen in der Stadt Goslar f\u00fcr die Abgabe Ihre Unterschrift<\/span><\/em><\/strong><\/p><\/div><\/div>\n\n\n\n<div id=\"section-g94d333\" class=\"wp-block-gutentor-e7 section-g94d333 gutentor-element gutentor-element-list\"><ul class=\"grid-row gutentor-grid-item-wrap list-indicator-icon\"><li class=\"gutentor-list-item grid-lg-12 grid-md-12 grid-12\"><span class=\"gutentor-single-item gutentor-single-item-0\"><span class=\"gutentor-list-item-wrap g-s-list-wrap\"><span class=\"gutentor-single-list-item-icon\"><i class=\"list-item-icon fas fa-arrow-right\"><\/i><\/span><span class=\"gutentor-list-item\"><p class=\"gutentor-single-item-title\">Altstadt Antiquariat Goslar, Breite Stra\u00dfe 22, 38640 Goslar<\/p><\/span><\/span><\/span><\/li><li class=\"gutentor-list-item grid-lg-12 grid-md-12 grid-12\"><span class=\"gutentor-single-item gutentor-single-item-1\"><span class=\"gutentor-list-item-wrap g-s-list-wrap\"><span class=\"gutentor-single-list-item-icon\"><i class=\"list-item-icon fas fa-arrow-right\"><\/i><\/span><span class=\"gutentor-list-item\"><p class=\"gutentor-single-item-title\">\u2018\u2018Lotto am Markt\u2018\u2018 Kargin, Markt 10, 38640 Goslar<\/p><\/span><\/span><\/span><\/li><li class=\"gutentor-list-item grid-lg-12 grid-md-12 grid-12\"><span class=\"gutentor-single-item gutentor-single-item-2\"><span class=\"gutentor-list-item-wrap g-s-list-wrap\"><span class=\"gutentor-single-list-item-icon\"><i class=\"list-item-icon fas fa-arrow-right\"><\/i><\/span><span class=\"gutentor-list-item\"><p class=\"gutentor-single-item-title\">Gl\u00fcckauf Apotheke Goslar, B\u00e4ckerstra\u00dfe 1, 38640 Goslar<\/p><\/span><\/span><\/span><\/li><li class=\"gutentor-list-item grid-lg-12 grid-md-12 grid-12\"><span class=\"gutentor-single-item gutentor-single-item-3\"><span class=\"gutentor-list-item-wrap g-s-list-wrap\"><span class=\"gutentor-single-list-item-icon\"><i class=\"list-item-icon fas fa-arrow-right\"><\/i><\/span><span class=\"gutentor-list-item\"><p class=\"gutentor-single-item-title\">Fa. Paul Eisoldt Schl\u00fcsseldienst, Marktstra\u00dfe 21, 38640 Goslar<\/p><\/span><\/span><\/span><\/li><li class=\"gutentor-list-item grid-lg-12 grid-md-12 grid-12\"><span class=\"gutentor-single-item gutentor-single-item-4\"><span class=\"gutentor-list-item-wrap g-s-list-wrap\"><span class=\"gutentor-single-list-item-icon\"><i class=\"list-item-icon fas fa-arrow-right\"><\/i><\/span><span class=\"gutentor-list-item\"><p class=\"gutentor-single-item-title\">Fachvolk, Rosentorstra\u00dfe 28A, 38640 Goslar <\/p><\/span><\/span><\/span><\/li><li class=\"gutentor-list-item grid-lg-12 grid-md-12 grid-12\"><span class=\"gutentor-single-item gutentor-single-item-5\"><span class=\"gutentor-list-item-wrap g-s-list-wrap\"><span class=\"gutentor-single-list-item-icon\"><i class=\"list-item-icon fas fa-arrow-right\"><\/i><\/span><span class=\"gutentor-list-item\"><p class=\"gutentor-single-item-title\">nahkauf Goslar, Greifplatz 1-2, 38640 Goslar<\/p><\/span><\/span><\/span><\/li><li class=\"gutentor-list-item grid-lg-12 grid-md-12 grid-12\"><span class=\"gutentor-single-item gutentor-single-item-6\"><span class=\"gutentor-list-item-wrap g-s-list-wrap\"><span class=\"gutentor-single-list-item-icon\"><i class=\"list-item-icon fas fa-arrow-right\"><\/i><\/span><span class=\"gutentor-list-item\"><p class=\"gutentor-single-item-title\">Vedes Spiel+Freizeit Breustedt, Charley-Jakob-Stra\u00dfe 7, 38640 Goslar <\/p><\/span><\/span><\/span><\/li><\/ul><\/div>\n\n\n\n<div id=\"section-g53067d\" class=\"wp-block-gutentor-e1 section-g53067d gutentor-element gutentor-element-advanced-text\"><div class=\"gutentor-text-wrap\"><h4 class=\"gutentor-text\"><span style=\"color:#555555\" class=\"has-inline-color\">Contact person<\/span><br><em>Ansprechpartner<\/em><\/h4><\/div><\/div>\n\n\n\n<div id=\"section-gd90af5\" class=\"wp-block-gutentor-e1 section-gd90af5 gutentor-element gutentor-element-advanced-text\"><div class=\"gutentor-text-wrap\"><p class=\"gutentor-text\">Henning Frase <br>E-Mail: <a href=\"mailto:Initiativgruppe-Goslar@email.de\">Initiativgruppe-Goslar@email.de<\/a><br><br><strong>Unterst\u00fctzer:<\/strong><br>Stephan D\u00f6mpke, Berlin<br>Friedrich Wilhelm Dreyer, Goslar<br>Judith Schmidt, Goslar<br>Karl August P\u00fcschel, Goslar<br>Eckhard Weiss, Goslar<br>Marie Luise Bona, Goslar<br>Hans-Henning K\u00f6rner, Goslar<\/p><\/div><\/div>\n\n\n\n<div id=\"section-g4f3a1b\" class=\"wp-block-gutentor-e1 section-g4f3a1b gutentor-element gutentor-element-advanced-text\"><div class=\"gutentor-text-wrap\"><h3 class=\"gutentor-text\"><span style=\"color:#555555\" class=\"has-inline-color\">Download to read more<\/span><br>Mehr zum Herunterladen<\/h3><\/div><\/div>\n\n\n\n<div id=\"section-g6f4a1d\" class=\"wp-block-gutentor-e1 section-g6f4a1d gutentor-element gutentor-element-advanced-text\"><div class=\"gutentor-text-wrap\"><p class=\"gutentor-text\"><strong>Read more about the problems in the World Heritage Site (from page 37) and the urban destruction of historical building records (from page 41) in the latest report of the Lower Saxony Heritage Association 2024.<br><em><span style=\"color:#00519b\" class=\"has-inline-color\">Lesen Sie mehr \u00fcber die Probleme im Welterbe (ab Seite 37) und die st\u00e4dtische Vernichtung von historischen Bauakten (ab Seite 41) im aktuellen Bericht des Nieders\u00e4chsischen Heimatbundes 2024.<\/span><\/em><\/strong><br><br><a rel=\"noreferrer noopener\" href=\"https:\/\/world-heritage-watch.org\/content\/wp-content\/uploads\/2024\/08\/NHBNiedersaechsischerHeimatbundROTE-MAPPE-2024.pdf\" target=\"_blank\"><strong>> DOWNLOAD REPORT<\/strong><\/a><br><br><strong>Read more about the problems and years of efforts to save the entire historic world heritage site<br><em><span style=\"color:#00519b\" class=\"has-inline-color\">Lesen Sie mehr \u00fcber die Probleme und jahrelangen Bem\u00fchungen zur Rettung des gesamten historischen Welterbes<\/span><\/em><\/strong><br><br><strong><a rel=\"noreferrer noopener\" href=\"https:\/\/world-heritage-watch.org\/LangberichtGoslar06-06-2022.pdf\" target=\"_blank\">> 1100 Jahre Altstadt und Rammelsberg Goslar, Bericht zu dringend notwendigen Bauma\u00dfnahmen 2022 Langfassung (deutsch)<\/a><\/strong><br><strong><br><a rel=\"noreferrer noopener\" href=\"https:\/\/world-heritage-watch.org\/wetransfer_bilder-langfassung_2022-06-05_1529.zip\" target=\"_blank\">> Fotodokumentation zum Bericht 2022 Download (ZIP)<\/a><\/strong><br><strong><br><a rel=\"noreferrer noopener\" href=\"https:\/\/world-heritage-watch.org\/content\/wp-content\/uploads\/2022\/06\/3-page-report-with-photographic-documentation-31-05-2022.pdf\" target=\"_blank\">> 1100 Years of Goslar: A World Heritage in Decay. Report about an institutional failure (2022) Short version (english)<\/a><\/strong><br><strong><br><a rel=\"noreferrer noopener\" href=\"https:\/\/world-heritage-watch.org\/content\/wp-content\/uploads\/2022\/06\/3-Seiten-Bericht-mit-Bilddokumentation-31-05-2022.pdf\" target=\"_blank\">> 1100 Jahre Goslar: Ein Welterbe zerf\u00e4llt. Bericht \u00fcber ein institutionelles Versagen (2022) Kurzfassung (deutsch)<\/a><\/strong><br><strong><br><a rel=\"noreferrer noopener\" href=\"https:\/\/world-heritage-watch.org\/content\/wp-content\/uploads\/2024\/08\/DAS-NEUE-SCHWARZBUCH-2016-AG-Welterbe-Monitoring.pdf\" target=\"_blank\">> DAS NEUE SCHWARZBUCH 2016, Arbeitsgruppe Lokales Welterbe-Monitoring (deutsch)<\/a><\/strong><br><strong><br><a rel=\"noreferrer noopener\" href=\"https:\/\/world-heritage-watch.org\/content\/wp-content\/uploads\/2024\/08\/WELTKULTURERBE-RAMMELSBERG-ATSTADT-GODSLASR-SCHWARZBUCH-2010.pdf\" target=\"_blank\">> WELTKULTURERBE RAMMELSBERG UND ALTSTADT GOSLAR SCHWARZBUCH 2010. Kulturinitiative Goslar e.V. >> (deutsch)<\/a><\/strong><br><br><strong><a href=\"https:\/\/world-heritage-watch.org\/content\/wp-content\/uploads\/2024\/09\/Plakat-Iniativgruppe-Altstadt-Goslar-2024.pdf\">> Download Plakat zur Unterschriftenaktion \u00a0<\/a><\/strong><br><strong><a rel=\"noreferrer noopener\" href=\"https:\/\/world-heritage-watch.org\/content\/wp-content\/uploads\/2024\/09\/Poster-Initiativ-Group-Historic-Goslar-2024-1.pdf\" target=\"_blank\">> Poster for the signature campaign<\/a><\/strong><br><br><a href=\"https:\/\/www.world-heritage-watch.org\/bilder-goslar.zip\"><strong>> Bilder Presse \/ Press Photos<\/strong><\/a><br><strong><br><a rel=\"noreferrer noopener\" href=\"https:\/\/world-heritage-watch.org\/content\/wp-content\/uploads\/2024\/06\/WHW-Report-2024-final.pdf\" target=\"_blank\">> World Heritage Watch Report 2024 >> (english)<\/a><br><a rel=\"noreferrer noopener\" href=\"https:\/\/world-heritage-watch.org\/content\/wp-content\/uploads\/2023\/06\/WHW-Report-2023.pdf\" target=\"_blank\">> World Heritage Watch Report 2023 >> (english)<\/a><br><a rel=\"noreferrer noopener\" href=\"https:\/\/world-heritage-watch.org\/content\/wp-content\/uploads\/2022\/11\/2022-Report-WHW-final.pdf\" target=\"_blank\">> World Heritage Watch Report 2022 >> (english)<\/a> <br><\/strong><\/p><\/div><\/div>\n<\/div><\/div>\n<\/div><\/div><\/section>\n","protected":false},"excerpt":{"rendered":"","protected":false},"author":1,"featured_media":0,"parent":0,"menu_order":0,"comment_status":"closed","ping_status":"closed","template":"template-gutentor-full-width.php","meta":{"_monsterinsights_skip_tracking":false,"_monsterinsights_sitenote_active":false,"_monsterinsights_sitenote_note":"","_monsterinsights_sitenote_category":0,"footnotes":""},"class_list":["post-2060","page","type-page","status-publish","hentry"],"_links":{"self":[{"href":"https:\/\/world-heritage-watch.org\/content\/wp-json\/wp\/v2\/pages\/2060","targetHints":{"allow":["GET"]}}],"collection":[{"href":"https:\/\/world-heritage-watch.org\/content\/wp-json\/wp\/v2\/pages"}],"about":[{"href":"https:\/\/world-heritage-watch.org\/content\/wp-json\/wp\/v2\/types\/page"}],"author":[{"embeddable":true,"href":"https:\/\/world-heritage-watch.org\/content\/wp-json\/wp\/v2\/users\/1"}],"replies":[{"embeddable":true,"href":"https:\/\/world-heritage-watch.org\/content\/wp-json\/wp\/v2\/comments?post=2060"}],"version-history":[{"count":67,"href":"https:\/\/world-heritage-watch.org\/content\/wp-json\/wp\/v2\/pages\/2060\/revisions"}],"predecessor-version":[{"id":2217,"href":"https:\/\/world-heritage-watch.org\/content\/wp-json\/wp\/v2\/pages\/2060\/revisions\/2217"}],"wp:attachment":[{"href":"https:\/\/world-heritage-watch.org\/content\/wp-json\/wp\/v2\/media?parent=2060"}],"curies":[{"name":"wp","href":"https:\/\/api.w.org\/{rel}","templated":true}]}}