{"id":482,"date":"2021-05-25T14:33:18","date_gmt":"2021-05-25T12:33:18","guid":{"rendered":"https:\/\/world-heritage-watch.org\/content\/?page_id=482"},"modified":"2022-12-02T11:28:11","modified_gmt":"2022-12-02T10:28:11","slug":"special-reports","status":"publish","type":"page","link":"https:\/\/world-heritage-watch.org\/content\/special-reports\/","title":{"rendered":"Special Publications"},"content":{"rendered":"\n<section id=\"gm8809072\" class=\"wp-block-gutentor-m4 section-gm8809072 gutentor-module gutentor-advanced-columns\"><div class=\"grid-container\"><div class=\"grid-row\">\n<div id=\"col-gm03014d\" class=\"wp-block-gutentor-m4-col col-gm03014d gutentor-single-column  grid-lg-12 grid-md-12 grid-12\"><div id=\"section-gm03014d\" class=\"section-gm03014d gutentor-col-wrap\">\n<div id=\"section-g92b38e\" class=\"wp-block-gutentor-e1 section-g92b38e gutentor-element gutentor-element-advanced-text\"><div class=\"gutentor-text-wrap\"><h2 class=\"gutentor-text\">Special Publications<\/h2><\/div><\/div>\n\n\n\n<section id=\"section-46d4e920-0f7d-412a-813e-385378c9c941\" class=\"wp-block-gutentor-image-box gutentor-section gutentor-image-wrapper imagebox-template1\"><div class=\"grid-container\"><div class=\"grid-row gutentor-grid-item-wrap\"><div class=\"gutentor-grid-column grid-lg-4 grid-md-4 grid-12\"><div class=\"gutentor-single-item gutentor-image gutentor-single-item-0\"><div class=\"gutentor-single-item-wrap\"><div class=\"gutentor-single-item-image-box\"><div class=\"gutentor-image-thumb\"><img decoding=\"async\" class=\"normal-image\" src=\"https:\/\/world-heritage-watch.org\/content\/wp-content\/uploads\/2022\/11\/potsdam-papers.jpg\" alt=\"\"\/><\/div><\/div><div class=\"gutentor-single-item-content\"><h5 class=\"gutentor-single-item-title\">The Potsdam Papers<\/h5><p class=\"gutentor-single-item-desc\">A Reform Agenda for the World Heritage Convention<\/p><a class=\"gutentor-button gutentor-single-item-button gutentor-icon-before\" href=\"https:\/\/world-heritage-watch.org\/content\/wp-content\/uploads\/2022\/11\/Potsdam-Papers-2022.pdf\" target=\"_blank\" rel=\"noopener noreferrer\"><i class=\"gutentor-button-icon fas fa-angle-double-right\"><\/i><span>Download<\/span><\/a><\/div><\/div><\/div><\/div><div class=\"gutentor-grid-column grid-lg-4 grid-md-4 grid-12\"><div class=\"gutentor-single-item gutentor-image gutentor-single-item-1\"><div class=\"gutentor-single-item-wrap\"><div class=\"gutentor-single-item-image-box\"><div class=\"gutentor-image-thumb\"><img decoding=\"async\" class=\"normal-image\" src=\"https:\/\/world-heritage-watch.org\/content\/wp-content\/uploads\/2022\/06\/goslar-lang-1.jpg\" alt=\"\"\/><\/div><\/div><div class=\"gutentor-single-item-content\"><h5 class=\"gutentor-single-item-title\">UNESCO-Weltkulturerbe Goslar<\/h5><p class=\"gutentor-single-item-desc\">Bericht zu dringend notwendigen Bauma\u00dfnahmen zur Rettung<br>denkmalgesch\u00fctzter Bauwerke und Anlagen <\/p><a class=\"gutentor-button gutentor-single-item-button gutentor-icon-before\" href=\"https:\/\/world-heritage-watch.org\/LangberichtGoslar06-06-2022.pdf\" target=\"_blank\" rel=\"noopener noreferrer\"><i class=\"gutentor-button-icon fas fa-angle-double-right\"><\/i><span>Langfassung (deutsch)<\/span><\/a><\/div><\/div><\/div><\/div><div class=\"gutentor-grid-column grid-lg-4 grid-md-4 grid-12\"><div class=\"gutentor-single-item gutentor-image gutentor-single-item-2\"><div class=\"gutentor-single-item-wrap\"><div class=\"gutentor-single-item-image-box\"><div class=\"gutentor-image-thumb\"><img decoding=\"async\" class=\"normal-image\" src=\"https:\/\/world-heritage-watch.org\/content\/wp-content\/uploads\/2022\/06\/foros.jpg\" alt=\"\"\/><\/div><\/div><div class=\"gutentor-single-item-content\"><h5 class=\"gutentor-single-item-title\">Fotodokumentation Goslar<\/h5><p class=\"gutentor-single-item-desc\">Umfangreiche Bildersammlung von Architekt Henning Frase<br>f\u00fcr WHW &#8211; Alle Fotos k\u00f6nnen auf Wunsch in hoher Aufl\u00f6sung zur Verf\u00fcgung gestellt werden<\/p><a class=\"gutentor-button gutentor-single-item-button gutentor-icon-before\" href=\"https:\/\/world-heritage-watch.org\/wetransfer_bilder-langfassung_2022-06-05_1529.zip\" target=\"_blank\" rel=\"noopener noreferrer\"><i class=\"gutentor-button-icon fas fa-angle-double-right\"><\/i><span>Download (zip)<\/span><\/a><\/div><\/div><\/div><\/div><div class=\"gutentor-grid-column grid-lg-4 grid-md-4 grid-12\"><div class=\"gutentor-single-item gutentor-image gutentor-single-item-3\"><div class=\"gutentor-single-item-wrap\"><div class=\"gutentor-single-item-image-box\"><div class=\"gutentor-image-thumb\"><img decoding=\"async\" class=\"normal-image\" src=\"https:\/\/world-heritage-watch.org\/content\/wp-content\/uploads\/2022\/06\/goslar-de.jpg\" alt=\"\"\/><\/div><\/div><div class=\"gutentor-single-item-content\"><h5 class=\"gutentor-single-item-title\">1100 Jahre Goslar: Ein Welterbe zerf\u00e4llt<\/h5><p class=\"gutentor-single-item-desc\">Bericht \u00fcber ein institutionelles Versagen<\/p><a class=\"gutentor-button gutentor-single-item-button gutentor-icon-before\" href=\"https:\/\/world-heritage-watch.org\/content\/wp-content\/uploads\/2022\/06\/3-Seiten-Bericht-mit-Bilddokumentation-31-05-2022.pdf\" target=\"_blank\" rel=\"noopener noreferrer\"><i class=\"gutentor-button-icon fas fa-angle-double-right\"><\/i><span>Kurzfassung (deutsch)<\/span><\/a><\/div><\/div><\/div><\/div><div class=\"gutentor-grid-column grid-lg-4 grid-md-4 grid-12\"><div class=\"gutentor-single-item gutentor-image gutentor-single-item-4\"><div class=\"gutentor-single-item-wrap\"><div class=\"gutentor-single-item-image-box\"><div class=\"gutentor-image-thumb\"><img decoding=\"async\" class=\"normal-image\" src=\"https:\/\/world-heritage-watch.org\/content\/wp-content\/uploads\/2022\/06\/goslar-en.jpg\" alt=\"\"\/><\/div><\/div><div class=\"gutentor-single-item-content\"><h5 class=\"gutentor-single-item-title\">1100 Years of Goslar: A World Heritage in Decay<\/h5><p class=\"gutentor-single-item-desc\">Report about an institutional failure<\/p><a class=\"gutentor-button gutentor-single-item-button gutentor-icon-before\" href=\"https:\/\/world-heritage-watch.org\/content\/wp-content\/uploads\/2022\/06\/3-page-report-with-photographic-documentation-31-05-2022.pdf\" target=\"_blank\" rel=\"noopener noreferrer\"><i class=\"gutentor-button-icon fas fa-angle-double-right\"><\/i><span>Short version<\/span><\/a><\/div><\/div><\/div><\/div><div class=\"gutentor-grid-column grid-lg-4 grid-md-4 grid-12\"><div class=\"gutentor-single-item gutentor-image gutentor-single-item-5\"><div class=\"gutentor-single-item-wrap\"><div class=\"gutentor-single-item-image-box\"><div class=\"gutentor-image-thumb\"><img decoding=\"async\" class=\"normal-image\" src=\"https:\/\/world-heritage-watch.org\/content\/wp-content\/uploads\/2022\/01\/potsdam-papers.jpg\" alt=\"\"\/><\/div><\/div><div class=\"gutentor-single-item-content\"><h5 class=\"gutentor-single-item-title\">The Potsdam Papers<\/h5><p class=\"gutentor-single-item-desc\">Results of the Potsdam Consultation on<br>the Future of the World Heritage<\/p><a class=\"gutentor-button gutentor-single-item-button gutentor-icon-before\" href=\"https:\/\/world-heritage-watch.org\/content\/wp-content\/uploads\/2022\/01\/The-Potsdam-Papers-Results-of-the-Potsdam-Consultation.pdf\" target=\"_blank\" rel=\"noopener noreferrer\"><i class=\"gutentor-button-icon fas fa-angle-double-right\"><\/i><span>Open Publication<\/span><\/a><\/div><\/div><\/div><\/div><div class=\"gutentor-grid-column grid-lg-4 grid-md-4 grid-12\"><div class=\"gutentor-single-item gutentor-image gutentor-single-item-6\"><div class=\"gutentor-single-item-wrap\"><div class=\"gutentor-single-item-image-box\"><div class=\"gutentor-image-thumb\"><img decoding=\"async\" class=\"normal-image\" src=\"https:\/\/world-heritage-watch.org\/content\/wp-content\/uploads\/2021\/05\/heritage-dammed-s-1.jpg\" alt=\"\"\/><\/div><\/div><div class=\"gutentor-single-item-content\"><h5 class=\"gutentor-single-item-title\">Heritage Dammed<\/h5><p class=\"gutentor-single-item-desc\">Water Infrastructure Impacts on World Heritage Sites<br>and Free Flowing Rivers<\/p><a class=\"gutentor-button gutentor-single-item-button gutentor-icon-before\" href=\"https:\/\/world-heritage-watch.org\/content\/wp-content\/uploads\/2021\/05\/2019-Heritage-Dammed-Report.pdf\" target=\"_blank\" rel=\"noopener noreferrer\"><i class=\"gutentor-button-icon fas fa-angle-double-right\"><\/i><span>Open Report<\/span><\/a><\/div><\/div><\/div><\/div><\/div><\/div><\/section>\n<\/div><\/div>\n<\/div><\/div><\/section>\n","protected":false},"excerpt":{"rendered":"","protected":false},"author":1,"featured_media":0,"parent":0,"menu_order":0,"comment_status":"closed","ping_status":"closed","template":"template-gutentor-full-width.php","meta":{"_monsterinsights_skip_tracking":false,"_monsterinsights_sitenote_active":false,"_monsterinsights_sitenote_note":"","_monsterinsights_sitenote_category":0,"footnotes":""},"class_list":["post-482","page","type-page","status-publish","hentry"],"_links":{"self":[{"href":"https:\/\/world-heritage-watch.org\/content\/wp-json\/wp\/v2\/pages\/482","targetHints":{"allow":["GET"]}}],"collection":[{"href":"https:\/\/world-heritage-watch.org\/content\/wp-json\/wp\/v2\/pages"}],"about":[{"href":"https:\/\/world-heritage-watch.org\/content\/wp-json\/wp\/v2\/types\/page"}],"author":[{"embeddable":true,"href":"https:\/\/world-heritage-watch.org\/content\/wp-json\/wp\/v2\/users\/1"}],"replies":[{"embeddable":true,"href":"https:\/\/world-heritage-watch.org\/content\/wp-json\/wp\/v2\/comments?post=482"}],"version-history":[{"count":32,"href":"https:\/\/world-heritage-watch.org\/content\/wp-json\/wp\/v2\/pages\/482\/revisions"}],"predecessor-version":[{"id":1639,"href":"https:\/\/world-heritage-watch.org\/content\/wp-json\/wp\/v2\/pages\/482\/revisions\/1639"}],"wp:attachment":[{"href":"https:\/\/world-heritage-watch.org\/content\/wp-json\/wp\/v2\/media?parent=482"}],"curies":[{"name":"wp","href":"https:\/\/api.w.org\/{rel}","templated":true}]}}