{"id":491,"date":"2021-05-25T14:45:39","date_gmt":"2021-05-25T12:45:39","guid":{"rendered":"https:\/\/world-heritage-watch.org\/content\/?page_id=491"},"modified":"2024-10-16T19:17:31","modified_gmt":"2024-10-16T17:17:31","slug":"our-internships","status":"publish","type":"page","link":"https:\/\/world-heritage-watch.org\/content\/our-internships\/","title":{"rendered":"Our 6 months Internships"},"content":{"rendered":"\n<section id=\"gm617f80f\" class=\"wp-block-gutentor-m4 section-gm617f80f gutentor-module gutentor-advanced-columns\"><div class=\"grid-container\"><div class=\"grid-row\">\n<div id=\"col-gm67f5d0\" class=\"wp-block-gutentor-m4-col col-gm67f5d0 gutentor-single-column  grid-lg-12 grid-md-12 grid-12\"><div id=\"section-gm67f5d0\" class=\"section-gm67f5d0 gutentor-col-wrap\">\n<div id=\"section-gd558c8\" class=\"wp-block-gutentor-e1 section-gd558c8 gutentor-element gutentor-element-advanced-text text-align-center-desktop\"><div class=\"gutentor-text-wrap\"><h2 class=\"gutentor-text\">Our new interns<\/h2><\/div><\/div>\n<\/div><\/div>\n<\/div><\/div><\/section>\n\n\n\n<section id=\"gm7c208ad\" class=\"wp-block-gutentor-m4 section-gm7c208ad gutentor-module gutentor-advanced-columns\"><div class=\"grid-container\"><div class=\"grid-row\">\n<div id=\"col-gm5822dc\" class=\"wp-block-gutentor-m4-col col-gm5822dc gutentor-single-column  grid-lg-6 grid-md-12 grid-12\"><div id=\"section-gm5822dc\" class=\"section-gm5822dc gutentor-col-wrap\">\n<div id=\"section-g7b5db9\" class=\"wp-block-gutentor-e1 section-g7b5db9 gutentor-element gutentor-element-advanced-text text-align-center-desktop\"><div class=\"gutentor-text-wrap\"><h4 class=\"gutentor-text\">Elif G\u00fcne\u015f Bozkurt<\/h4><\/div><\/div>\n\n\n\n<div id=\"section-g235a59\" class=\"wp-block-gutentor-e6 section-g235a59 gutentor-element gutentor-element-image text-align-center-desktop\"><div class=\"gutentor-element-image-box\"><div class=\"gutentor-image-thumb\"><img decoding=\"async\" class=\"normal-image\" src=\"https:\/\/world-heritage-watch.org\/content\/wp-content\/uploads\/2024\/09\/Elif-Bozkurt-Guenesh.jpg\"\/><\/div><\/div><\/div>\n\n\n\n<div id=\"section-g7ec3b5\" class=\"wp-block-gutentor-e1 section-g7ec3b5 gutentor-element gutentor-element-advanced-text text-align-center-desktop\"><div class=\"gutentor-text-wrap\"><p class=\"gutentor-text\">Hello! My name is Elif G\u00fcne\u015f Bozkurt. I am a master\u2019s degree student in Global Studies at Leipzig University. I joined World Heritage Watch as an intern to take an active role in a cause that I am deeply interested in and gain insights into an organization that promotes and safeguards cultural and natural heritage. It&#8217;s a great opportunity for me to learn from experts in the field and gain practical experience that will help me build a strong foundation for my future endeavours.<\/p><\/div><\/div>\n<\/div><\/div>\n\n\n\n<div id=\"col-gmf9f71d\" class=\"wp-block-gutentor-m4-col col-gmf9f71d gutentor-single-column  grid-lg-6 grid-md-12 grid-12\"><div id=\"section-gmf9f71d\" class=\"section-gmf9f71d gutentor-col-wrap\">\n<div id=\"section-g1512fd\" class=\"wp-block-gutentor-e1 section-g1512fd gutentor-element gutentor-element-advanced-text text-align-center-desktop\"><div class=\"gutentor-text-wrap\"><h4 class=\"gutentor-text\">Merve \u00d6zg\u00fcrb\u00fcz<\/h4><\/div><\/div>\n\n\n\n<div id=\"section-g027edd\" class=\"wp-block-gutentor-e6 section-g027edd gutentor-element gutentor-element-image text-align-center-desktop\"><div class=\"gutentor-element-image-box\"><div class=\"gutentor-image-thumb\"><img decoding=\"async\" class=\"normal-image\" src=\"https:\/\/world-heritage-watch.org\/content\/wp-content\/uploads\/2024\/10\/merve.jpg\"\/><\/div><\/div><\/div>\n\n\n\n<div id=\"section-g3d2d0a\" class=\"wp-block-gutentor-e1 section-g3d2d0a gutentor-element gutentor-element-advanced-text text-align-center-desktop\"><div class=\"gutentor-text-wrap\"><p class=\"gutentor-text\">Hello, I am Merve \u00d6zg\u00fcrb\u00fcz, I am currently pursuing my master\u2019s degree in World Heritage Studies at Brandenburg University of Technology. I have a strong interest in how organizations work to preserve cultural and natural heritage, and I aspire to gain invaluable hands-on experience in the field. Working with World Heritage Watch provides a great opportunity for me to contribute to important heritage protection efforts.<\/p><\/div><\/div>\n<\/div><\/div>\n<\/div><\/div><\/section>\n\n\n\n<section id=\"gm143aac9\" class=\"wp-block-gutentor-m4 section-gm143aac9 gutentor-module gutentor-advanced-columns\"><div class=\"grid-container\"><div class=\"grid-row\">\n<div id=\"col-gma160ed\" class=\"wp-block-gutentor-m4-col col-gma160ed gutentor-single-column  grid-lg-12 grid-md-12 grid-12\"><div id=\"section-gma160ed\" class=\"section-gma160ed gutentor-col-wrap\">\n<div id=\"section-g211e3e\" class=\"wp-block-gutentor-e1 section-g211e3e gutentor-element gutentor-element-advanced-text\"><div class=\"gutentor-text-wrap\"><h4 class=\"gutentor-text\">Erasmus traineeship grant<\/h4><\/div><\/div>\n\n\n\n<div id=\"section-gef8afb\" class=\"wp-block-gutentor-e1 section-gef8afb gutentor-element gutentor-element-advanced-text\"><div class=\"gutentor-text-wrap\"><p class=\"gutentor-text\">If you are not a German citizen, to help you during your internship, make sure to check the ERASMUS + Grants for youth traineeship!<br><br>Erasmus+ is the EU&#8217;s programme to support education, training, youth and sport in Europe. It has an estimated budget of \u20ac26.2 billion. This is nearly double the funding compared to its predecessor programme (2014-2020). The 2021-2027 programme places a strong focus on social inclusion, the green and digital transitions, and promoting young people\u2019s participation in democratic life.<br><br>Erasmus+ is open to many individuals and organisations, although eligibility varies from one action to another and from one country to another. Individuals can take part in many of the opportunities funded by Erasmus+, although most will have to do so through an organisation taking part in the programme. The eligibility of individuals and organisations depends on the country in which they are based. Eligible countries are divided into two groups, Programme countries and Partners countries. Although Programme countries are eligible for all actions of Erasmus+, Partner countries can only take part in some, and are subject to specific conditions.<br><br><strong>For more information, see the <\/strong><\/p><\/div><\/div>\n\n\n\n<div id=\"section-ga6846f\" class=\"wp-block-gutentor-e2 section-ga6846f gutentor-element gutentor-element-button\"><span class=\"gutentor-button-wrap\"><a class=\"gutentor-button gutentor-block-button gutentor-icon-before\" href=\"https:\/\/ec.europa.eu\/programmes\/erasmus-plus\/node_en\" target=\"_blank\" rel=\"noopener noreferrer\"><i class=\"gutentor-button-icon fas fa-arrow-right\"><\/i><span>European Commission website<\/span><\/a><\/span><\/div>\n<\/div><\/div>\n<\/div><\/div><\/section>\n","protected":false},"excerpt":{"rendered":"","protected":false},"author":1,"featured_media":0,"parent":0,"menu_order":0,"comment_status":"closed","ping_status":"closed","template":"template-gutentor-full-width.php","meta":{"_monsterinsights_skip_tracking":false,"_monsterinsights_sitenote_active":false,"_monsterinsights_sitenote_note":"","_monsterinsights_sitenote_category":0,"footnotes":""},"class_list":["post-491","page","type-page","status-publish","hentry"],"_links":{"self":[{"href":"https:\/\/world-heritage-watch.org\/content\/wp-json\/wp\/v2\/pages\/491","targetHints":{"allow":["GET"]}}],"collection":[{"href":"https:\/\/world-heritage-watch.org\/content\/wp-json\/wp\/v2\/pages"}],"about":[{"href":"https:\/\/world-heritage-watch.org\/content\/wp-json\/wp\/v2\/types\/page"}],"author":[{"embeddable":true,"href":"https:\/\/world-heritage-watch.org\/content\/wp-json\/wp\/v2\/users\/1"}],"replies":[{"embeddable":true,"href":"https:\/\/world-heritage-watch.org\/content\/wp-json\/wp\/v2\/comments?post=491"}],"version-history":[{"count":38,"href":"https:\/\/world-heritage-watch.org\/content\/wp-json\/wp\/v2\/pages\/491\/revisions"}],"predecessor-version":[{"id":2223,"href":"https:\/\/world-heritage-watch.org\/content\/wp-json\/wp\/v2\/pages\/491\/revisions\/2223"}],"wp:attachment":[{"href":"https:\/\/world-heritage-watch.org\/content\/wp-json\/wp\/v2\/media?parent=491"}],"curies":[{"name":"wp","href":"https:\/\/api.w.org\/{rel}","templated":true}]}}