{"id":715,"date":"2021-05-28T13:19:35","date_gmt":"2021-05-28T11:19:35","guid":{"rendered":"https:\/\/world-heritage-watch.org\/content\/?page_id=715"},"modified":"2022-12-02T11:36:56","modified_gmt":"2022-12-02T10:36:56","slug":"donors-partners-and-sponsors","status":"publish","type":"page","link":"https:\/\/world-heritage-watch.org\/content\/donors-partners-and-sponsors\/","title":{"rendered":"Donors, Partners and Sponsors"},"content":{"rendered":"\n<section id=\"gmc1224f1\" class=\"wp-block-gutentor-m4 section-gmc1224f1 gutentor-module gutentor-advanced-columns\"><div class=\"grid-container\"><div class=\"grid-row\">\n<div id=\"col-gmef3fd6\" class=\"wp-block-gutentor-m4-col col-gmef3fd6 gutentor-single-column  grid-lg-12 grid-md-12 grid-12\"><div id=\"section-gmef3fd6\" class=\"section-gmef3fd6 gutentor-col-wrap\">\n<div id=\"section-g8d5610\" class=\"wp-block-gutentor-e1 section-g8d5610 gutentor-element gutentor-element-advanced-text\"><div class=\"gutentor-text-wrap\"><h2 class=\"gutentor-text\">Donors, Partners and Sponsors<\/h2><\/div><\/div>\n<\/div><\/div>\n<\/div><\/div><\/section>\n\n\n\n<section id=\"gm14e29c8\" class=\"wp-block-gutentor-m4 section-gm14e29c8 gutentor-module gutentor-advanced-columns\"><div class=\"grid-container\"><div class=\"grid-row\">\n<div id=\"col-gma86413\" class=\"wp-block-gutentor-m4-col col-gma86413 gutentor-single-column  grid-lg-12 grid-md-12 grid-12\"><div id=\"section-gma86413\" class=\"section-gma86413 gutentor-col-wrap\">\n<div id=\"section-ge9ca39\" class=\"wp-block-gutentor-e1 section-ge9ca39 gutentor-element gutentor-element-advanced-text\"><div class=\"gutentor-text-wrap\"><h3 class=\"gutentor-text\">Partners<\/h3><\/div><\/div>\n\n\n\n<div id=\"section-gcb52a5\" class=\"wp-block-gutentor-e1 section-gcb52a5 gutentor-element gutentor-element-advanced-text\"><div class=\"gutentor-text-wrap\"><p class=\"gutentor-text\">These organizations have been partners in our project activities:<\/p><\/div><\/div>\n\n\n\n<div id=\"section-g02d862\" class=\"wp-block-gutentor-e7 section-g02d862 gutentor-element gutentor-element-list\"><ul class=\"grid-row gutentor-grid-item-wrap list-indicator-icon\"><li class=\"gutentor-list-item grid-lg-12 grid-md-12 grid-12\"><span class=\"gutentor-single-item gutentor-single-item-0\"><span class=\"gutentor-list-item-wrap g-s-list-wrap\"><span class=\"gutentor-single-list-item-icon\"><i class=\"list-item-icon fas fa-arrow-right\"><\/i><\/span><span class=\"gutentor-list-item\"><p class=\"gutentor-single-item-title\"><a rel=\"noreferrer noopener\" href=\"http:\/\/www.kmkd.org\/\" target=\"_blank\">Anadolu K\u00fclt\u00fcr, Istanbul<\/a><\/p><\/span><\/span><\/span><\/li><li class=\"gutentor-list-item grid-lg-12 grid-md-12 grid-12\"><span class=\"gutentor-single-item gutentor-single-item-1\"><span class=\"gutentor-list-item-wrap g-s-list-wrap\"><span class=\"gutentor-single-list-item-icon\"><i class=\"list-item-icon fas fa-arrow-right\"><\/i><\/span><span class=\"gutentor-list-item\"><p class=\"gutentor-single-item-title\"><a rel=\"noreferrer noopener\" href=\"http:\/\/www.bahrainhistory.org\/\" target=\"_blank\">Bahrain Archaeological and Historical Society, Manama<\/a><\/p><\/span><\/span><\/span><\/li><li class=\"gutentor-list-item grid-lg-12 grid-md-12 grid-12\"><span class=\"gutentor-single-item gutentor-single-item-2\"><span class=\"gutentor-list-item-wrap g-s-list-wrap\"><span class=\"gutentor-single-list-item-icon\"><i class=\"list-item-icon fas fa-arrow-right\"><\/i><\/span><span class=\"gutentor-list-item\"><p class=\"gutentor-single-item-title\"><a rel=\"noreferrer noopener\" href=\"http:\/\/www.blueshield.ge\" target=\"_blank\">Georgian National Committee of the Blue Shield, Tbilisi<\/a><\/p><\/span><\/span><\/span><\/li><li class=\"gutentor-list-item grid-lg-12 grid-md-12 grid-12\"><span class=\"gutentor-single-item gutentor-single-item-3\"><span class=\"gutentor-list-item-wrap g-s-list-wrap\"><span class=\"gutentor-single-list-item-icon\"><i class=\"list-item-icon fas fa-arrow-right\"><\/i><\/span><span class=\"gutentor-list-item\"><p class=\"gutentor-single-item-title\"><a rel=\"noreferrer noopener\" href=\"http:\/\/www.dgvn.de\" target=\"_blank\">Deutsche Gesellschaft f\u00fcr die Vereinten Nationen e.V., Berlin<\/a><\/p><\/span><\/span><\/span><\/li><li class=\"gutentor-list-item grid-lg-12 grid-md-12 grid-12\"><span class=\"gutentor-single-item gutentor-single-item-4\"><span class=\"gutentor-list-item-wrap g-s-list-wrap\"><span class=\"gutentor-single-list-item-icon\"><i class=\"list-item-icon fas fa-arrow-right\"><\/i><\/span><span class=\"gutentor-list-item\"><p class=\"gutentor-single-item-title\"><a rel=\"noreferrer noopener\" href=\"http:\/\/www.obmen.org\" target=\"_blank\">Deutsch-Russischer Austausch St. Petersburg<\/a><\/p><\/span><\/span><\/span><\/li><li class=\"gutentor-list-item grid-lg-12 grid-md-12 grid-12\"><span class=\"gutentor-single-item gutentor-single-item-5\"><span class=\"gutentor-list-item-wrap g-s-list-wrap\"><span class=\"gutentor-single-list-item-icon\"><i class=\"list-item-icon fas fa-arrow-right\"><\/i><\/span><span class=\"gutentor-list-item\"><p class=\"gutentor-single-item-title\"><a rel=\"noreferrer noopener\" href=\"http:\/\/www.hvn-palais-berlin.de\" target=\"_blank\">Haus f\u00fcr die Vereinten Nationen e.V., Berlin<\/a><\/p><\/span><\/span><\/span><\/li><li class=\"gutentor-list-item grid-lg-12 grid-md-12 grid-12\"><span class=\"gutentor-single-item gutentor-single-item-6\"><span class=\"gutentor-list-item-wrap g-s-list-wrap\"><span class=\"gutentor-single-list-item-icon\"><i class=\"list-item-icon fas fa-arrow-right\"><\/i><\/span><span class=\"gutentor-list-item\"><p class=\"gutentor-single-item-title\"><a rel=\"noreferrer noopener\" href=\"http:\/\/www.spyur.am\" target=\"_blank\">ICOMOS Armenia, Yerevan<\/a><\/p><\/span><\/span><\/span><\/li><li class=\"gutentor-list-item grid-lg-12 grid-md-12 grid-12\"><span class=\"gutentor-single-item gutentor-single-item-7\"><span class=\"gutentor-list-item-wrap g-s-list-wrap\"><span class=\"gutentor-single-list-item-icon\"><i class=\"list-item-icon fas fa-arrow-right\"><\/i><\/span><span class=\"gutentor-list-item\"><p class=\"gutentor-single-item-title\">Initiative for St. Andrew\u2019s Passage, Kiyv<\/p><\/span><\/span><\/span><\/li><li class=\"gutentor-list-item grid-lg-12 grid-md-12 grid-12\"><span class=\"gutentor-single-item gutentor-single-item-8\"><span class=\"gutentor-list-item-wrap g-s-list-wrap\"><span class=\"gutentor-single-list-item-icon\"><i class=\"list-item-icon fas fa-arrow-right\"><\/i><\/span><span class=\"gutentor-list-item\"><p class=\"gutentor-single-item-title\"><a rel=\"noreferrer noopener\" href=\"http:\/\/www.culture.hu-berlin.de\/de\/home\" target=\"_blank\">Institut f\u00fcr Kulturwissenschaft der Humboldt-Universit\u00e4t zu Berlin<\/a><\/p><\/span><\/span><\/span><\/li><li class=\"gutentor-list-item grid-lg-12 grid-md-12 grid-12\"><span class=\"gutentor-single-item gutentor-single-item-9\"><span class=\"gutentor-list-item-wrap g-s-list-wrap\"><span class=\"gutentor-single-list-item-icon\"><i class=\"list-item-icon fas fa-arrow-right\"><\/i><\/span><span class=\"gutentor-list-item\"><p class=\"gutentor-single-item-title\"><a rel=\"noreferrer noopener\" href=\"http:\/\/www.kmkm.org.tr\" target=\"_blank\">K\u00fclt\u00fcrel Miras\u0131 Koruma Derne\u011fi, Istanbul<\/a><\/p><\/span><\/span><\/span><\/li><li class=\"gutentor-list-item grid-lg-12 grid-md-12 grid-12\"><span class=\"gutentor-single-item gutentor-single-item-10\"><span class=\"gutentor-list-item-wrap g-s-list-wrap\"><span class=\"gutentor-single-list-item-icon\"><i class=\"list-item-icon fas fa-arrow-right\"><\/i><\/span><span class=\"gutentor-list-item\"><p class=\"gutentor-single-item-title\"><a rel=\"noreferrer noopener\" href=\"http:\/\/www.villa.org.pl\/villa\/\" target=\"_blank\">Villa Decius Association, Krakow<\/a><\/p><\/span><\/span><\/span><\/li><\/ul><\/div>\n<\/div><\/div>\n<\/div><\/div><\/section>\n","protected":false},"excerpt":{"rendered":"","protected":false},"author":1,"featured_media":0,"parent":0,"menu_order":0,"comment_status":"closed","ping_status":"closed","template":"template-gutentor-full-width.php","meta":{"_monsterinsights_skip_tracking":false,"_monsterinsights_sitenote_active":false,"_monsterinsights_sitenote_note":"","_monsterinsights_sitenote_category":0,"footnotes":""},"class_list":["post-715","page","type-page","status-publish","hentry"],"_links":{"self":[{"href":"https:\/\/world-heritage-watch.org\/content\/wp-json\/wp\/v2\/pages\/715","targetHints":{"allow":["GET"]}}],"collection":[{"href":"https:\/\/world-heritage-watch.org\/content\/wp-json\/wp\/v2\/pages"}],"about":[{"href":"https:\/\/world-heritage-watch.org\/content\/wp-json\/wp\/v2\/types\/page"}],"author":[{"embeddable":true,"href":"https:\/\/world-heritage-watch.org\/content\/wp-json\/wp\/v2\/users\/1"}],"replies":[{"embeddable":true,"href":"https:\/\/world-heritage-watch.org\/content\/wp-json\/wp\/v2\/comments?post=715"}],"version-history":[{"count":3,"href":"https:\/\/world-heritage-watch.org\/content\/wp-json\/wp\/v2\/pages\/715\/revisions"}],"predecessor-version":[{"id":1654,"href":"https:\/\/world-heritage-watch.org\/content\/wp-json\/wp\/v2\/pages\/715\/revisions\/1654"}],"wp:attachment":[{"href":"https:\/\/world-heritage-watch.org\/content\/wp-json\/wp\/v2\/media?parent=715"}],"curies":[{"name":"wp","href":"https:\/\/api.w.org\/{rel}","templated":true}]}}